{"id":33,"date":"2018-01-07T17:18:00","date_gmt":"2018-01-07T16:18:00","guid":{"rendered":"http:\/\/ff-oberhaidelbach.de\/word\/?page_id=33"},"modified":"2018-01-07T21:31:56","modified_gmt":"2018-01-07T20:31:56","slug":"feuerwehr","status":"publish","type":"page","link":"http:\/\/ff-oberhaidelbach.de\/?page_id=33","title":{"rendered":"Feuerwehr"},"content":{"rendered":"<p><strong>Im Laufe der 125-j\u00e4hrigen Geschichte dienten der<br \/>\nFreiwilligen Feuerwehr Oberhaidelbach<\/strong><\/p>\n<p><strong>Vorst\u00e4nde:<\/strong><\/p>\n<p>1883 \u2013 1886 Joh. Konrad R\u00e4bel, Landwirt<br \/>\n1886 \u2013 1920 Jakob Liebel, Zimmermeister<br \/>\n1920 \u2013 1938 Stefan Wagner, Wagnermeister<br \/>\n1938 \u2013 1952 Georg Schmidt, Landwirt, Haus-Nr.3<br \/>\n1952 \u2013 1962 Johann Hiltl, Arbeiter<br \/>\n1962 \u2013 1979 Konrad Pirner, Arbeiter<br \/>\n1979 \u2013 1984 Georg Schmidt, Gastwirt<br \/>\n1984 \u2013 1994 Werner Krau\u00dfer<br \/>\n1994 \u2013 1995 Konrad Pirner<br \/>\n1996 \u2013 2000 Hans \u2013 J\u00fcrgen Hirschmann<br \/>\n2000 \u2013 2012 Thomas Krau\u00dfer<br \/>\n2012 \u2013 Bruno Rausendorf<\/p>\n<p><strong><br \/>\nKommandanten:<\/strong><\/p>\n<p>1883 \u2013 1899 Konrad D\u00f6tsch, G\u00fctler<br \/>\n1899 \u2013 1920 Stefan Wagner, Wagnermeister<br \/>\n1920 \u2013 1938 Johann Gottschalk, \u00d6konom<br \/>\n1938 \u2013 1942 Georg Schmidt, Gastwirtssohn<br \/>\n1942 \u2013 1947 Johann Gottschalk, \u00d6konom<br \/>\n1947 \u2013 1952 Georg Wagner, Landwirt<br \/>\n1952 \u2013 1979 Georg Schmidt, Gastwirt<br \/>\n1979 \u2013 1985 Hans Hopf, Mauerer<br \/>\n1986 \u2013 1998 Konrad Pirner<br \/>\n1998 \u2013 2000 J\u00fcrgen Krau\u00dfer<br \/>\n2000 \u2013 2012 Hans &#8211; J\u00fcrgen Hirschmann<br \/>\n2012 \u2013 Thomas Krau\u00dfer<\/p>\n<p><strong><br \/>\n___________________________________________________________________________________________________________<\/strong><\/p>\n<p><strong><br \/>\nAus der Geschichte der <\/strong><br \/>\n<strong> Freiwilligen Feuerwehr Oberhaidelbach<\/strong><\/p>\n<p>Seit 1542<br \/>\nbestand eine Allgemeine Verordnung der Gemeinden \u00fcber den Feuerschutz<\/p>\n<p>1553<br \/>\nbrandschatze Markgraf Albrecht Alcibiades die Gegend um Hersbruck, Lauf und Altdorf<\/p>\n<p>1631<br \/>\nbrandschatzte Graf Tilly, der Generalismus der katholischen Liga im 30j\u00e4hrigen Krieg das N\u00fcrnberger Land.<\/p>\n<p>1642<br \/>\nkam bei Konrad L\u00f6wel in Entenberg ein Brand aus, davon dassele Haus ganz in Asche gelegt worden. Weil die Leinburger, Haidelb\u00e4cher, Gersd\u00f6rfer und andere Benachbarte bald zu Hilfe kommen und stark gerettet, so hat das Feuer nicht weiter um sich gefressen<\/p>\n<p>1832<br \/>\nbesitzen die 3 Gemeinden Oberhaidelbach, Gersdorf und Entenberg eine gemeinsame Feuerwehr und errichten<\/p>\n<p>1833<br \/>\nein Spritzenhaus in Gersdorf, in dem die gemeinsamen Feuer-<br \/>\nL\u00f6schmaschine untergebracht wird, die aus demselben Jahr stammt<\/p>\n<p>1854 und 1876<br \/>\nereignen sich zwei Bandf\u00e4lle, \u00fcber die nichts N\u00e4heres mehr bekannt ist (1876 Schmidt`sches Brandungl\u00fcck)<\/p>\n<p>1875<br \/>\neh\u00e4lt die Gemeinde durch das \u201eK\u00f6nigliche Bezirksamt N\u00fcrnberg\u201c, die damalige Aufsichtsbeh\u00f6rde, die Aufforderung, eine Pflichtfeuerwehr ins Leben zu rufen<\/p>\n<p>1877<br \/>\nerl\u00e4sst dieselbe Beh\u00f6rde eine \u201cDistriktspolizeiliche Feuerl\u00f6sch \u2013 Ordnung f\u00fcr den Amtsbezirk N\u00fcrnberg\u201c, die<\/p>\n<p>1879<br \/>\nerg\u00e4nzt und erweitert wird. Danach ist jede Gemeinde verpflichtet die notwendigen Feuerl\u00f6schanstalten herzustellen, die erforderlichen L\u00f6schger\u00e4te anzuschaffen und in gutem Zustand zu erhalten. Dazu geh\u00f6ren auch die Ausr\u00fcstungs-<br \/>\ngegenst\u00e4nde f\u00fcr die L\u00f6schmannschaft. Zur Erf\u00fcllung dieser amtlichen Auflagen werden von der Aufsichtsbeh\u00f6rde j\u00e4hrlich finanzielle Zusch\u00fcsse gew\u00e4hrt, z.B. f\u00fcr Oberhaidelbach 25 Mark<\/p>\n<p>1878<br \/>\nwird nachtr\u00e4gliche Genehmigung erteilt, dass in der Gemeinde Gersdorf und der Gemeinde Oberhaidelbach eine gemeinsame freiwillige Feuerwehr errichtet worden ist. Dazu geh\u00f6ren aus Oberhaidelbach 21 Wehrm\u00e4nner und 4 Feuerboten<\/p>\n<p>1879<br \/>\nverf\u00fcgt das K\u00f6nigliche Bezirksamt die Anschaffung einer eigenen Feuerl\u00f6schmaschine<\/p>\n<p>1880<br \/>\nschlie\u00dft die Gemeinde den Kaufvertrag ab<\/p>\n<p>1881<br \/>\nliefert die Feuerl\u00f6schmaschinen-Fabrik Justus Braun,N\u00fcrnberg<br \/>\neine vierr\u00e4dige Saug- und Druckspritze mit Zubeh\u00f6r zum Preis von 500 Mark. Sie wird im ersten Feuerwehrhaus unter-<br \/>\ngebracht, einem Anbau an das Gemeindehaus, der Zimmer-<br \/>\nmeister Joh. Leonh. Liebel, Wei\u00dfenbrunn im gleichem Jahr errichtet.<\/p>\n<p>1883<br \/>\nam 20.07.erfolgt die Gr\u00fcndung der FFW Oberhaidelbach mit 31 Mitgliedern.<\/p>\n<p>1899<br \/>\nbrennt die Scheune des Gastwirts infolge Brandstiftung ab<\/p>\n<p>1904<br \/>\nbrand der Scheune des Georg Schmidt (Max`n) ebenfalls durch Brandstiftung. W\u00e4hrend des Wiederaufbaus schl\u00e4gt der Blitz in den eben aufgerichteten Dachstuhl und setzt den Neubau in Flammen<\/p>\n<p>1944<br \/>\nwird dieselbe Scheune durch Fliegerbomben erneut in Schutt und Asche gelegt.<\/p>\n<p>1941 und 1952<br \/>\nneben diesen Brandf\u00e4llen beweisen die Wehrleute ihre Viel-<br \/>\nseitigkeit bei Hochwasserkatastrophen. Gewaltige Wasser-<br \/>\nmengen des Haidelbachs rei\u00dfen das Bachbett weg, so dass die n\u00e4chstliegenden H\u00e4user stark gef\u00e4hrdet sind und das Vieh nur mit M\u00fche und Not in die oberen Stockwerke geredet werden<\/p>\n<p>1964<br \/>\num in Zukunft noch besser ger\u00fcstet zu sein, erh\u00e4lt die Wehr eine TS 8-Motorspritze, samt TSA. F\u00fcr deren Unterbringung wird der Stall des Hirtenhauses als Unterstellraum ausgebaut.<br \/>\nDaneben werden die aktiven Wehrm\u00e4nner laufend weiter aus-<br \/>\ngebildet und ihre Ausr\u00fcstung verbessert.<\/p>\n<p>1968<br \/>\nam 13.Januar 1968, Gro\u00dfbrand eines landwirtschaftlichen Anwesen in Wei\u00dfenbrunn. Wohngeb\u00e4ude, Stallung und Scheune der Familie G\u00f6mmel und Stefan Br\u00e4unlein. Die Nachbarwehren aus Oberhaidelbach, Unterhaidelbach, Leinburg, Gersdorf und Entenberg erschienen am Brandplatz und nahmen die Brandbek\u00e4mpfung auf. Besonders anerkennenswert war die Leistung der Feuerwehrm\u00e4nner, die bei dem eisigen Wetter unter ung\u00fcnstigen Bedingungen einen hervorragenden Einsatz leisteten<\/p>\n<p>1969<br \/>\nin der Nacht vom 5.07.\/6.07. brach in der Scheune eines Landwirtes in Entenberg (Anwesen Elise Lehr) ein Brand aus. Die \u00f6rtliche Feuerwehr und die benachbarten Wehren aus Oberhaidelbach und Gersdorf mussten nur zum Teil eingesetzt werden, da die Scheune bereits niedergebrannt war<\/p>\n<p>1977<br \/>\nbeginnt der Bau des jetzigen Feuerwehrhauses, der<\/p>\n<p>1978<br \/>\ndurch die neu gegr\u00fcndete Gro\u00dfgemeinde Leinburg fertig-<br \/>\ngestellt wird<\/p>\n<p>1976 und 1979<br \/>\ngilt es, Autobr\u00e4nde unter Kontrolle zu bringen und ein \u00dcbergreifen des Feuers auf Geb\u00e4ude zu verhindern<\/p>\n<p>1983<br \/>\nfeier zum 100 j\u00e4hrigen Gr\u00fcndungsfest vom 15. \u2013 17.Juli<\/p>\n<p>1987<br \/>\nverkehrsunfall, \u00d6l wurde gebunden<\/p>\n<p>1993<br \/>\ng\u00fclle im Bachlauf zwischen Wei\u00dfenbrunn und Oberhaidelbach<\/p>\n<p>1994 \u2013 1999<br \/>\nDiverse Verkehrsunf\u00e4lle wo auslaufende Fl\u00fcssigkeiten zu binden waren, und Verkehrsabsicherungen \u00fcbernommen wurden<\/p>\n<p>2000<br \/>\nKaminbrand bei Familie Patzelt (Zagel)<\/p>\n<p>2001<br \/>\n14.10.2001 Gro\u00df\u00fcbung aller 7 Ortsfeuerwehren in Oberhaidelbach<br \/>\n21.10.2001 Ein verd\u00e4chtiger Gasgeruch aus einem Geb\u00e4ude (Kolb) in der Oerhaidelbacher Hauptstra\u00dfe wurde der Altdorfer Polizei am Sonntagabend gemeldet. Die Feuerwehren Oberhaidelbach, Leinburg und Altdorf wurden alarmiert.<br \/>\n8.12.2001<br \/>\n\u00d6lspur in Oberhaidelbach Richtung Winn. Die meisten der aktiven Wehrm\u00e4nner besuchten zur Zeit der Alarmierung eine Weihnachtsfeier, so dass in kurzer Zeit ausger\u00fcckt werden konnte.<\/p>\n<p>2002<br \/>\nWurden wieder verschiedenen \u00d6lspuren von der FFW besetigt.<br \/>\n27.10.02 Orkansturm Jeanette, Um 21.45 Uhr Richtung Entenberg \u00c4ste und Sturmgut zu beseitigen, 22.30 Uhr Richtung Wei\u00dfenbrunn \u00c4ste und Sturmgut zu beseitigen<\/p>\n<p>2003<br \/>\nWegen eines \u00fcber die Stra\u00dfe laufenden Hasens \u00fcberschlug sich eine 32-j\u00e4hrige PKW-Fahrerin aus Pommelsbrunn am Ortsende von Oberhaidelbach. Es wurden die Feuerwehren Oberhaidelbach und Leinburg zur Bergung und zum \u00d6lbinden alarmiert.<\/p>\n<p>2004<br \/>\nKam es zu \u00dcberschwemmungen der Dorfstra\u00dfe so wie zu Schneebrucheins\u00e4tzen zwischen Oberhaidelbach und Entenberg. So wie einen Waldbrand zwischen Oberhaidelbach und Wei\u00dfenbrunn<\/p>\n<p>2005<br \/>\nUngest\u00fcrzte B\u00e4ume und \u00dcberschwemmung der Dorfstra\u00dfe Richtung Entenberg, sowie ein Kaminbrand am 1.03.05<br \/>\n31.12.05 wurde die Feuerwehr kurz vor Mitternacht zu einen Baumbrand bei Familie Felsner alarmiert die Brandursache waren Feuerwerksk\u00f6rper<\/p>\n<p>2006<br \/>\n\u00dcberschwemmung der Fahrbahn im Ortsbereich Oberhaidelbach, 13.06.06 wurde die FFW Obehaidelbach zur Sicherheitswache bei den Wallenstein Festspielen in Altdorf um Unterst\u00fctzung gebeten<\/p>\n<p>2007<br \/>\nHochwasser auf der Dorfstra\u00dfe zwischen Oberhaidelbach und Entenberg<\/p>\n","protected":false},"excerpt":{"rendered":"<p>Im Laufe der 125-j\u00e4hrigen Geschichte dienten der Freiwilligen Feuerwehr Oberhaidelbach Vorst\u00e4nde: 1883 \u2013 1886 Joh. Konrad R\u00e4bel, Landwirt 1886 \u2013 1920 Jakob Liebel, Zimmermeister 1920 \u2013 1938 Stefan Wagner, Wagnermeister 1938 \u2013 1952 Georg Schmidt, Landwirt, Haus-Nr.3 1952 \u2013 1962 Johann Hiltl, Arbeiter 1962 \u2013 1979 Konrad Pirner, Arbeiter 1979 \u2013 1984 Georg Schmidt, Gastwirt [&hellip;]<\/p>\n","protected":false},"author":1,"featured_media":0,"parent":31,"menu_order":0,"comment_status":"closed","ping_status":"closed","template":"","meta":[],"_links":{"self":[{"href":"http:\/\/ff-oberhaidelbach.de\/index.php?rest_route=\/wp\/v2\/pages\/33"}],"collection":[{"href":"http:\/\/ff-oberhaidelbach.de\/index.php?rest_route=\/wp\/v2\/pages"}],"about":[{"href":"http:\/\/ff-oberhaidelbach.de\/index.php?rest_route=\/wp\/v2\/types\/page"}],"author":[{"embeddable":true,"href":"http:\/\/ff-oberhaidelbach.de\/index.php?rest_route=\/wp\/v2\/users\/1"}],"replies":[{"embeddable":true,"href":"http:\/\/ff-oberhaidelbach.de\/index.php?rest_route=%2Fwp%2Fv2%2Fcomments&post=33"}],"version-history":[{"count":12,"href":"http:\/\/ff-oberhaidelbach.de\/index.php?rest_route=\/wp\/v2\/pages\/33\/revisions"}],"predecessor-version":[{"id":126,"href":"http:\/\/ff-oberhaidelbach.de\/index.php?rest_route=\/wp\/v2\/pages\/33\/revisions\/126"}],"up":[{"embeddable":true,"href":"http:\/\/ff-oberhaidelbach.de\/index.php?rest_route=\/wp\/v2\/pages\/31"}],"wp:attachment":[{"href":"http:\/\/ff-oberhaidelbach.de\/index.php?rest_route=%2Fwp%2Fv2%2Fmedia&parent=33"}],"curies":[{"name":"wp","href":"https:\/\/api.w.org\/{rel}","templated":true}]}}