{"id":39,"date":"2018-01-07T17:18:40","date_gmt":"2018-01-07T16:18:40","guid":{"rendered":"http:\/\/ff-oberhaidelbach.de\/word\/?page_id=39"},"modified":"2018-07-20T09:22:33","modified_gmt":"2018-07-20T07:22:33","slug":"newsarchiv","status":"publish","type":"page","link":"http:\/\/ff-oberhaidelbach.de\/?page_id=39","title":{"rendered":"Newsarchiv"},"content":{"rendered":"\t<div class=\"wpnawfree-plugin news-clearfix \" id=\"wpnw-news-1\">\r\n\r\n\t\t\r\n\t\t\t<div id=\"post-2768\" class=\"news type-news wpnaw-blog-class has-date news-col-1 wpnaw-first\">\r\n\t\t\t\t<div class=\"news-inner-wrap-view news-clearfix wpnaw-news-no-image\">\r\n\r\n\t\t\t\t\t\r\n\t\t\t\t\t<div class=\"news-content\">\r\n\t\t\t\t\t\t\t\t\t\t\t\t\t<div class=\"date-post\">\r\n\t\t\t\t\t\t\t\t<h2><span>10<\/span><\/h2>\r\n\t\t\t\t\t\t\t\t<p>Jul 18<\/p>\r\n\t\t\t\t\t\t\t<\/div>\r\n\t\t\t\t\t\t\r\n\t\t\t\t\t\t<div class=\"post-content-text\">\r\n\t\t\t\t\t\t\t<h3 class=\"news-title\"><a href=\"http:\/\/ff-oberhaidelbach.de\/?news=kleintransporter-brannte-voellig-aus\" rel=\"bookmark\">&#8222;Kleintransporter brannte v\u00f6llig aus&#8220; am 04.07.2018<\/a><\/h3>\t\t\t\t\t\t\t\t<div class=\"news-cat\"><a href=\"http:\/\/ff-oberhaidelbach.de\/?news-category=news\">News<\/a><\/div>\r\n\t\t\t\t\t\t\t\t\t\t\t\t\t\t\t<div class=\"news-content-excerpt\">\r\n\t\t\t\t\t\t\t\t\t\t\t\t\t\t\t\t\t\t\t<div class=\"news-short-content\">\r\n\t\t\t\t\t\t\t\t\t\t\tGersdorf (DB 3) \u2013 Ein Kleintransporter war am Samstagvormittag zwischen Gersdorf und Gersberg komplett ausgebrannt \u2013 die Feuerwehren verhinderten Schlimmeres....\t\t\t\t\t\t\t\t\t\t<\/div>\r\n\t\t\t\t\t\t\t\t\t\t<a href=\"http:\/\/ff-oberhaidelbach.de\/?news=kleintransporter-brannte-voellig-aus\" class=\"news-more-link\">Lesen Sie weiter<\/a>\r\n\t\t\t\t\t\t\t\t\t\t\t\t\t\t\t\t\t<\/div><!-- .entry-content -->\r\n\t\t\t\t\t\t\t\t\t\t\t\t\t<\/div>\r\n\t\t\t\t\t<\/div>\r\n\t\t\t\t<\/div><!-- #post-## -->\r\n\t\t\t<\/div><!-- #post-## -->\r\n\t\t\r\n\t\t\t<div id=\"post-1868\" class=\"news type-news wpnaw-blog-class has-date news-col-1\">\r\n\t\t\t\t<div class=\"news-inner-wrap-view news-clearfix wpnaw-news-no-image\">\r\n\r\n\t\t\t\t\t\r\n\t\t\t\t\t<div class=\"news-content\">\r\n\t\t\t\t\t\t\t\t\t\t\t\t\t<div class=\"date-post\">\r\n\t\t\t\t\t\t\t\t<h2><span>26<\/span><\/h2>\r\n\t\t\t\t\t\t\t\t<p>Mrz 17<\/p>\r\n\t\t\t\t\t\t\t<\/div>\r\n\t\t\t\t\t\t\r\n\t\t\t\t\t\t<div class=\"post-content-text\">\r\n\t\t\t\t\t\t\t<h3 class=\"news-title\"><a href=\"http:\/\/ff-oberhaidelbach.de\/?news=einsatz-waldbrand-26-03-2017\" rel=\"bookmark\">Einsatz: Waldbrand 26.03.2017<\/a><\/h3>\t\t\t\t\t\t\t\t<div class=\"news-cat\"><a href=\"http:\/\/ff-oberhaidelbach.de\/?news-category=news\">News<\/a><\/div>\r\n\t\t\t\t\t\t\t\t\t\t\t\t\t\t\t<div class=\"news-content-excerpt\">\r\n\t\t\t\t\t\t\t\t\t\t\t\t\t\t\t\t\t\t\t<div class=\"news-short-content\">\r\n\t\t\t\t\t\t\t\t\t\t\tAm Sonntag, den 26. M\u00e4rz um 13:25 Uhr, wurden die Feuerwehren aus Leinburg, Oberhaidelbach, Gersdorf und Wei\u00dfenbrunn zu Bek\u00e4mpfung eines...\t\t\t\t\t\t\t\t\t\t<\/div>\r\n\t\t\t\t\t\t\t\t\t\t<a href=\"http:\/\/ff-oberhaidelbach.de\/?news=einsatz-waldbrand-26-03-2017\" class=\"news-more-link\">Lesen Sie weiter<\/a>\r\n\t\t\t\t\t\t\t\t\t\t\t\t\t\t\t\t\t<\/div><!-- .entry-content -->\r\n\t\t\t\t\t\t\t\t\t\t\t\t\t<\/div>\r\n\t\t\t\t\t<\/div>\r\n\t\t\t\t<\/div><!-- #post-## -->\r\n\t\t\t<\/div><!-- #post-## -->\r\n\t\t\r\n\t\t\t<div id=\"post-1867\" class=\"news type-news wpnaw-blog-class has-date news-col-1\">\r\n\t\t\t\t<div class=\"news-inner-wrap-view news-clearfix wpnaw-news-no-image\">\r\n\r\n\t\t\t\t\t\r\n\t\t\t\t\t<div class=\"news-content\">\r\n\t\t\t\t\t\t\t\t\t\t\t\t\t<div class=\"date-post\">\r\n\t\t\t\t\t\t\t\t<h2><span>27<\/span><\/h2>\r\n\t\t\t\t\t\t\t\t<p>Jul 15<\/p>\r\n\t\t\t\t\t\t\t<\/div>\r\n\t\t\t\t\t\t\r\n\t\t\t\t\t\t<div class=\"post-content-text\">\r\n\t\t\t\t\t\t\t<h3 class=\"news-title\"><a href=\"http:\/\/ff-oberhaidelbach.de\/?news=einsatz-verkehrsunfall-27-07-2015\" rel=\"bookmark\">Einsatz Verkehrsunfall 27.07.2015<\/a><\/h3>\t\t\t\t\t\t\t\t<div class=\"news-cat\"><a href=\"http:\/\/ff-oberhaidelbach.de\/?news-category=news\">News<\/a><\/div>\r\n\t\t\t\t\t\t\t\t\t\t\t\t\t\t\t<div class=\"news-content-excerpt\">\r\n\t\t\t\t\t\t\t\t\t\t\t\t\t\t\t\t\t\t\t<div class=\"news-short-content\">\r\n\t\t\t\t\t\t\t\t\t\t\tIm Abbiegevorgang kam es zu einem seitlichen Aufprall eines Opel Corsa und einem 7,5 to LKW. Dabei wurde die Fahrert\u00fcr...\t\t\t\t\t\t\t\t\t\t<\/div>\r\n\t\t\t\t\t\t\t\t\t\t<a href=\"http:\/\/ff-oberhaidelbach.de\/?news=einsatz-verkehrsunfall-27-07-2015\" class=\"news-more-link\">Lesen Sie weiter<\/a>\r\n\t\t\t\t\t\t\t\t\t\t\t\t\t\t\t\t\t<\/div><!-- .entry-content -->\r\n\t\t\t\t\t\t\t\t\t\t\t\t\t<\/div>\r\n\t\t\t\t\t<\/div>\r\n\t\t\t\t<\/div><!-- #post-## -->\r\n\t\t\t<\/div><!-- #post-## -->\r\n\t\t\r\n\t\t\t<div id=\"post-1866\" class=\"news type-news wpnaw-blog-class has-date news-col-1\">\r\n\t\t\t\t<div class=\"news-inner-wrap-view news-clearfix wpnaw-news-no-image\">\r\n\r\n\t\t\t\t\t\r\n\t\t\t\t\t<div class=\"news-content\">\r\n\t\t\t\t\t\t\t\t\t\t\t\t\t<div class=\"date-post\">\r\n\t\t\t\t\t\t\t\t<h2><span>25<\/span><\/h2>\r\n\t\t\t\t\t\t\t\t<p>Jul 15<\/p>\r\n\t\t\t\t\t\t\t<\/div>\r\n\t\t\t\t\t\t\r\n\t\t\t\t\t\t<div class=\"post-content-text\">\r\n\t\t\t\t\t\t\t<h3 class=\"news-title\"><a href=\"http:\/\/ff-oberhaidelbach.de\/?news=besuchermagnet-brotkuchenfest-25-07-2015\" rel=\"bookmark\">Besuchermagnet \u201eBrotkuchenfest\u201c 25.07.2015<\/a><\/h3>\t\t\t\t\t\t\t\t<div class=\"news-cat\"><a href=\"http:\/\/ff-oberhaidelbach.de\/?news-category=news\">News<\/a><\/div>\r\n\t\t\t\t\t\t\t\t\t\t\t\t\t\t\t<div class=\"news-content-excerpt\">\r\n\t\t\t\t\t\t\t\t\t\t\t\t\t\t\t\t\t\t\t<div class=\"news-short-content\">\r\n\t\t\t\t\t\t\t\t\t\t\tOBERHAIDELBACH: Am Samstag den 25. Juli feierte die FF Oberhaidelbach, turnusgem\u00e4\u00df alles 2 Jahre, ihr drittes Brotkuchenfest. Auch in diesem...\t\t\t\t\t\t\t\t\t\t<\/div>\r\n\t\t\t\t\t\t\t\t\t\t<a href=\"http:\/\/ff-oberhaidelbach.de\/?news=besuchermagnet-brotkuchenfest-25-07-2015\" class=\"news-more-link\">Lesen Sie weiter<\/a>\r\n\t\t\t\t\t\t\t\t\t\t\t\t\t\t\t\t\t<\/div><!-- .entry-content -->\r\n\t\t\t\t\t\t\t\t\t\t\t\t\t<\/div>\r\n\t\t\t\t\t<\/div>\r\n\t\t\t\t<\/div><!-- #post-## -->\r\n\t\t\t<\/div><!-- #post-## -->\r\n\t\t\r\n\t\t\t<div id=\"post-1865\" class=\"news type-news wpnaw-blog-class has-date news-col-1\">\r\n\t\t\t\t<div class=\"news-inner-wrap-view news-clearfix wpnaw-news-no-image\">\r\n\r\n\t\t\t\t\t\r\n\t\t\t\t\t<div class=\"news-content\">\r\n\t\t\t\t\t\t\t\t\t\t\t\t\t<div class=\"date-post\">\r\n\t\t\t\t\t\t\t\t<h2><span>24<\/span><\/h2>\r\n\t\t\t\t\t\t\t\t<p>Jul 15<\/p>\r\n\t\t\t\t\t\t\t<\/div>\r\n\t\t\t\t\t\t\r\n\t\t\t\t\t\t<div class=\"post-content-text\">\r\n\t\t\t\t\t\t\t<h3 class=\"news-title\"><a href=\"http:\/\/ff-oberhaidelbach.de\/?news=einsatz-rundballen-in-vollbrand-24-07-2015\" rel=\"bookmark\">Einsatz: Rundballen in Vollbrand 24.07.2015<\/a><\/h3>\t\t\t\t\t\t\t\t<div class=\"news-cat\"><a href=\"http:\/\/ff-oberhaidelbach.de\/?news-category=news\">News<\/a><\/div>\r\n\t\t\t\t\t\t\t\t\t\t\t\t\t\t\t<div class=\"news-content-excerpt\">\r\n\t\t\t\t\t\t\t\t\t\t\t\t\t\t\t\t\t\t\t<div class=\"news-short-content\">\r\n\t\t\t\t\t\t\t\t\t\t\tUm 18:49 Uhr l\u00f6ste die Leitstelle N\u00fcrnberg einen Brandalarm f\u00fcr die Feuerwehren Leinburg, Unterhaidelbach, Oberhaidelbach, Diepersdorf und R\u00f6thenbach \/ Pegnitz...\t\t\t\t\t\t\t\t\t\t<\/div>\r\n\t\t\t\t\t\t\t\t\t\t<a href=\"http:\/\/ff-oberhaidelbach.de\/?news=einsatz-rundballen-in-vollbrand-24-07-2015\" class=\"news-more-link\">Lesen Sie weiter<\/a>\r\n\t\t\t\t\t\t\t\t\t\t\t\t\t\t\t\t\t<\/div><!-- .entry-content -->\r\n\t\t\t\t\t\t\t\t\t\t\t\t\t<\/div>\r\n\t\t\t\t\t<\/div>\r\n\t\t\t\t<\/div><!-- #post-## -->\r\n\t\t\t<\/div><!-- #post-## -->\r\n\t\t\r\n\t\t\t<div id=\"post-1864\" class=\"news type-news wpnaw-blog-class has-date news-col-1\">\r\n\t\t\t\t<div class=\"news-inner-wrap-view news-clearfix wpnaw-news-no-image\">\r\n\r\n\t\t\t\t\t\r\n\t\t\t\t\t<div class=\"news-content\">\r\n\t\t\t\t\t\t\t\t\t\t\t\t\t<div class=\"date-post\">\r\n\t\t\t\t\t\t\t\t<h2><span>8<\/span><\/h2>\r\n\t\t\t\t\t\t\t\t<p>Jul 15<\/p>\r\n\t\t\t\t\t\t\t<\/div>\r\n\t\t\t\t\t\t\r\n\t\t\t\t\t\t<div class=\"post-content-text\">\r\n\t\t\t\t\t\t\t<h3 class=\"news-title\"><a href=\"http:\/\/ff-oberhaidelbach.de\/?news=einsatz-dachstuhlbrand-08-07-2015\" rel=\"bookmark\">Einsatz Dachstuhlbrand 08.07.2015<\/a><\/h3>\t\t\t\t\t\t\t\t<div class=\"news-cat\"><a href=\"http:\/\/ff-oberhaidelbach.de\/?news-category=news\">News<\/a><\/div>\r\n\t\t\t\t\t\t\t\t\t\t\t\t\t\t\t<div class=\"news-content-excerpt\">\r\n\t\t\t\t\t\t\t\t\t\t\t\t\t\t\t\t\t\t\t<div class=\"news-short-content\">\r\n\t\t\t\t\t\t\t\t\t\t\tAm Dienstag den 08. Juli 2015 wurde die FF Oberhaidelbach, Gerdorf, Leinburg, Altdorf mit DLK und die Kreisbrandinspektion \u00fcber Funk...\t\t\t\t\t\t\t\t\t\t<\/div>\r\n\t\t\t\t\t\t\t\t\t\t<a href=\"http:\/\/ff-oberhaidelbach.de\/?news=einsatz-dachstuhlbrand-08-07-2015\" class=\"news-more-link\">Lesen Sie weiter<\/a>\r\n\t\t\t\t\t\t\t\t\t\t\t\t\t\t\t\t\t<\/div><!-- .entry-content -->\r\n\t\t\t\t\t\t\t\t\t\t\t\t\t<\/div>\r\n\t\t\t\t\t<\/div>\r\n\t\t\t\t<\/div><!-- #post-## -->\r\n\t\t\t<\/div><!-- #post-## -->\r\n\t\t\r\n\t\t\t<div id=\"post-1863\" class=\"news type-news wpnaw-blog-class has-date news-col-1\">\r\n\t\t\t\t<div class=\"news-inner-wrap-view news-clearfix wpnaw-news-no-image\">\r\n\r\n\t\t\t\t\t\r\n\t\t\t\t\t<div class=\"news-content\">\r\n\t\t\t\t\t\t\t\t\t\t\t\t\t<div class=\"date-post\">\r\n\t\t\t\t\t\t\t\t<h2><span>27<\/span><\/h2>\r\n\t\t\t\t\t\t\t\t<p>Jun 15<\/p>\r\n\t\t\t\t\t\t\t<\/div>\r\n\t\t\t\t\t\t\r\n\t\t\t\t\t\t<div class=\"post-content-text\">\r\n\t\t\t\t\t\t\t<h3 class=\"news-title\"><a href=\"http:\/\/ff-oberhaidelbach.de\/?news=einsatz-baum-ueber-fahrbahn-27-06-2015\" rel=\"bookmark\">Einsatz Baum \u00fcber Fahrbahn 27.06.2015<\/a><\/h3>\t\t\t\t\t\t\t\t<div class=\"news-cat\"><a href=\"http:\/\/ff-oberhaidelbach.de\/?news-category=news\">News<\/a><\/div>\r\n\t\t\t\t\t\t\t\t\t\t\t\t\t\t\t<div class=\"news-content-excerpt\">\r\n\t\t\t\t\t\t\t\t\t\t\t\t\t\t\t\t\t\t\t<div class=\"news-short-content\">\r\n\t\t\t\t\t\t\t\t\t\t\tAm Samstag den 27.06.2015 wurde die FF Oberhaidelbach und Entenberg \u00fcber Funk und Sirene, von der Leitstelle N\u00fcrnberg um 21:48Uhr...\t\t\t\t\t\t\t\t\t\t<\/div>\r\n\t\t\t\t\t\t\t\t\t\t<a href=\"http:\/\/ff-oberhaidelbach.de\/?news=einsatz-baum-ueber-fahrbahn-27-06-2015\" class=\"news-more-link\">Lesen Sie weiter<\/a>\r\n\t\t\t\t\t\t\t\t\t\t\t\t\t\t\t\t\t<\/div><!-- .entry-content -->\r\n\t\t\t\t\t\t\t\t\t\t\t\t\t<\/div>\r\n\t\t\t\t\t<\/div>\r\n\t\t\t\t<\/div><!-- #post-## -->\r\n\t\t\t<\/div><!-- #post-## -->\r\n\t\t\r\n\t\t\t<div id=\"post-1862\" class=\"news type-news wpnaw-blog-class has-date news-col-1\">\r\n\t\t\t\t<div class=\"news-inner-wrap-view news-clearfix wpnaw-news-no-image\">\r\n\r\n\t\t\t\t\t\r\n\t\t\t\t\t<div class=\"news-content\">\r\n\t\t\t\t\t\t\t\t\t\t\t\t\t<div class=\"date-post\">\r\n\t\t\t\t\t\t\t\t<h2><span>9<\/span><\/h2>\r\n\t\t\t\t\t\t\t\t<p>Jun 15<\/p>\r\n\t\t\t\t\t\t\t<\/div>\r\n\t\t\t\t\t\t\r\n\t\t\t\t\t\t<div class=\"post-content-text\">\r\n\t\t\t\t\t\t\t<h3 class=\"news-title\"><a href=\"http:\/\/ff-oberhaidelbach.de\/?news=einsatz-verkehrsunfall-09-06-2015\" rel=\"bookmark\">Einsatz Verkehrsunfall 09.06.2015<\/a><\/h3>\t\t\t\t\t\t\t\t<div class=\"news-cat\"><a href=\"http:\/\/ff-oberhaidelbach.de\/?news-category=news\">News<\/a><\/div>\r\n\t\t\t\t\t\t\t\t\t\t\t\t\t\t\t<div class=\"news-content-excerpt\">\r\n\t\t\t\t\t\t\t\t\t\t\t\t\t\t\t\t\t\t\t<div class=\"news-short-content\">\r\n\t\t\t\t\t\t\t\t\t\t\tAm Dienstag den 09.06.2015 wurde die FF Oberhaidelbach und Entenberg \u00fcber Funk und Sirene, von der Leitstelle N\u00fcrnberg um 11:48...\t\t\t\t\t\t\t\t\t\t<\/div>\r\n\t\t\t\t\t\t\t\t\t\t<a href=\"http:\/\/ff-oberhaidelbach.de\/?news=einsatz-verkehrsunfall-09-06-2015\" class=\"news-more-link\">Lesen Sie weiter<\/a>\r\n\t\t\t\t\t\t\t\t\t\t\t\t\t\t\t\t\t<\/div><!-- .entry-content -->\r\n\t\t\t\t\t\t\t\t\t\t\t\t\t<\/div>\r\n\t\t\t\t\t<\/div>\r\n\t\t\t\t<\/div><!-- #post-## -->\r\n\t\t\t<\/div><!-- #post-## -->\r\n\t\t\r\n\t\t\t<div id=\"post-1861\" class=\"news type-news wpnaw-blog-class has-date news-col-1\">\r\n\t\t\t\t<div class=\"news-inner-wrap-view news-clearfix wpnaw-news-no-image\">\r\n\r\n\t\t\t\t\t\r\n\t\t\t\t\t<div class=\"news-content\">\r\n\t\t\t\t\t\t\t\t\t\t\t\t\t<div class=\"date-post\">\r\n\t\t\t\t\t\t\t\t<h2><span>25<\/span><\/h2>\r\n\t\t\t\t\t\t\t\t<p>Apr 15<\/p>\r\n\t\t\t\t\t\t\t<\/div>\r\n\t\t\t\t\t\t\r\n\t\t\t\t\t\t<div class=\"post-content-text\">\r\n\t\t\t\t\t\t\t<h3 class=\"news-title\"><a href=\"http:\/\/ff-oberhaidelbach.de\/?news=absperrmassnahmen-zum-ersten-volkslauf-weissenbrunn\" rel=\"bookmark\">Absperrma\u00dfnahmen zum ersten Volkslauf Wei\u00dfenbrunn<\/a><\/h3>\t\t\t\t\t\t\t\t<div class=\"news-cat\"><a href=\"http:\/\/ff-oberhaidelbach.de\/?news-category=news\">News<\/a><\/div>\r\n\t\t\t\t\t\t\t\t\t\t\t\t\t\t\t<div class=\"news-content-excerpt\">\r\n\t\t\t\t\t\t\t\t\t\t\t\t\t\t\t\t\t\t\t<div class=\"news-short-content\">\r\n\t\t\t\t\t\t\t\t\t\t\tOberhaidelbach \u2013 Die Feuerwehr Oberhaidelbach unterst\u00fctzte am Samstag den 25. April den Sportverein Wei\u00dfenbrunn bei der Durchf\u00fchrung eines Volkslaufes. Nach...\t\t\t\t\t\t\t\t\t\t<\/div>\r\n\t\t\t\t\t\t\t\t\t\t<a href=\"http:\/\/ff-oberhaidelbach.de\/?news=absperrmassnahmen-zum-ersten-volkslauf-weissenbrunn\" class=\"news-more-link\">Lesen Sie weiter<\/a>\r\n\t\t\t\t\t\t\t\t\t\t\t\t\t\t\t\t\t<\/div><!-- .entry-content -->\r\n\t\t\t\t\t\t\t\t\t\t\t\t\t<\/div>\r\n\t\t\t\t\t<\/div>\r\n\t\t\t\t<\/div><!-- #post-## -->\r\n\t\t\t<\/div><!-- #post-## -->\r\n\t\t\r\n\t\t\t<div id=\"post-1860\" class=\"news type-news wpnaw-blog-class has-date news-col-1 wpnaw-last\">\r\n\t\t\t\t<div class=\"news-inner-wrap-view news-clearfix wpnaw-news-no-image\">\r\n\r\n\t\t\t\t\t\r\n\t\t\t\t\t<div class=\"news-content\">\r\n\t\t\t\t\t\t\t\t\t\t\t\t\t<div class=\"date-post\">\r\n\t\t\t\t\t\t\t\t<h2><span>16<\/span><\/h2>\r\n\t\t\t\t\t\t\t\t<p>Mrz 15<\/p>\r\n\t\t\t\t\t\t\t<\/div>\r\n\t\t\t\t\t\t\r\n\t\t\t\t\t\t<div class=\"post-content-text\">\r\n\t\t\t\t\t\t\t<h3 class=\"news-title\"><a href=\"http:\/\/ff-oberhaidelbach.de\/?news=raiba-foerderpreis-fuer-oberhaidelbacher-ff\" rel=\"bookmark\">Raiba-F\u00f6rderpreis f\u00fcr Oberhaidelbacher FF<\/a><\/h3>\t\t\t\t\t\t\t\t<div class=\"news-cat\"><a href=\"http:\/\/ff-oberhaidelbach.de\/?news-category=news\">News<\/a><\/div>\r\n\t\t\t\t\t\t\t\t\t\t\t\t\t\t\t<div class=\"news-content-excerpt\">\r\n\t\t\t\t\t\t\t\t\t\t\t\t\t\t\t\t\t\t\t<div class=\"news-short-content\">\r\n\t\t\t\t\t\t\t\t\t\t\tEntenberg\/Oberhaidelbach \u2013 Die Freiwillige Feuerwehr Oberhaidelbach erhielt einen F\u00f6rderpreis der Raiffeisenbank Altdorf-Feucht e.G. in H\u00f6he von 500\u20ac. Der Preis wurde...\t\t\t\t\t\t\t\t\t\t<\/div>\r\n\t\t\t\t\t\t\t\t\t\t<a href=\"http:\/\/ff-oberhaidelbach.de\/?news=raiba-foerderpreis-fuer-oberhaidelbacher-ff\" class=\"news-more-link\">Lesen Sie weiter<\/a>\r\n\t\t\t\t\t\t\t\t\t\t\t\t\t\t\t\t\t<\/div><!-- .entry-content -->\r\n\t\t\t\t\t\t\t\t\t\t\t\t\t<\/div>\r\n\t\t\t\t\t<\/div>\r\n\t\t\t\t<\/div><!-- #post-## -->\r\n\t\t\t<\/div><!-- #post-## -->\r\n\t\t\t\t\t<div class=\"news_pagination wpnw-numeric\">\r\n\t\t\t\t<span aria-current=\"page\" class=\"page-numbers current\">1<\/span>\n<a class=\"page-numbers\" href=\"http:\/\/ff-oberhaidelbach.de\/index.php?rest_route=%2Fwp%2Fv2%2Fpages%2F39&#038;paged=2#wpnw-news-1\">2<\/a>\n<a class=\"page-numbers\" href=\"http:\/\/ff-oberhaidelbach.de\/index.php?rest_route=%2Fwp%2Fv2%2Fpages%2F39&#038;paged=3#wpnw-news-1\">3<\/a>\n<a class=\"page-numbers\" href=\"http:\/\/ff-oberhaidelbach.de\/index.php?rest_route=%2Fwp%2Fv2%2Fpages%2F39&#038;paged=4#wpnw-news-1\">4<\/a>\n<a class=\"next page-numbers\" href=\"http:\/\/ff-oberhaidelbach.de\/index.php?rest_route=%2Fwp%2Fv2%2Fpages%2F39&#038;paged=2#wpnw-news-1\">Next &raquo;<\/a>\t\t\t<\/div>\r\n\t\t\t<\/div>\r\n\r\n\t\n","protected":false},"excerpt":{"rendered":"","protected":false},"author":1,"featured_media":0,"parent":0,"menu_order":5,"comment_status":"closed","ping_status":"closed","template":"","meta":[],"_links":{"self":[{"href":"http:\/\/ff-oberhaidelbach.de\/index.php?rest_route=\/wp\/v2\/pages\/39"}],"collection":[{"href":"http:\/\/ff-oberhaidelbach.de\/index.php?rest_route=\/wp\/v2\/pages"}],"about":[{"href":"http:\/\/ff-oberhaidelbach.de\/index.php?rest_route=\/wp\/v2\/types\/page"}],"author":[{"embeddable":true,"href":"http:\/\/ff-oberhaidelbach.de\/index.php?rest_route=\/wp\/v2\/users\/1"}],"replies":[{"embeddable":true,"href":"http:\/\/ff-oberhaidelbach.de\/index.php?rest_route=%2Fwp%2Fv2%2Fcomments&post=39"}],"version-history":[{"count":2,"href":"http:\/\/ff-oberhaidelbach.de\/index.php?rest_route=\/wp\/v2\/pages\/39\/revisions"}],"predecessor-version":[{"id":1824,"href":"http:\/\/ff-oberhaidelbach.de\/index.php?rest_route=\/wp\/v2\/pages\/39\/revisions\/1824"}],"wp:attachment":[{"href":"http:\/\/ff-oberhaidelbach.de\/index.php?rest_route=%2Fwp%2Fv2%2Fmedia&parent=39"}],"curies":[{"name":"wp","href":"https:\/\/api.w.org\/{rel}","templated":true}]}}